{"id":1999,"date":"2023-08-08T04:27:38","date_gmt":"2023-08-08T04:27:38","guid":{"rendered":"https:\/\/ditusz2.ditusz.hu\/?page_id=1999"},"modified":"2024-07-08T09:29:51","modified_gmt":"2024-07-08T09:29:51","slug":"connection","status":"publish","type":"page","link":"https:\/\/www.ditusz.hu\/en\/connection\/","title":{"rendered":"Connection"},"content":{"rendered":"<div class=\"wpb-content-wrapper\"><p>[vc_section][vc_row][vc_column][vc_empty_space][\/vc_column][\/vc_row][vc_row][vc_column width=&#8221;1\/2&#8243;][vc_row_inner][vc_column_inner][vc_column_text]<\/p>\n<h2 style=\"text-align: center;\"><strong>Headquarter<\/strong><\/h2>\n<p>[\/vc_column_text][\/vc_column_inner][\/vc_row_inner][vc_row_inner][vc_column_inner width=&#8221;1\/4&#8243;][vc_icon icon_fontawesome=&#8221;fas fa-map-marker&#8221; color=&#8221;custom&#8221; custom_color=&#8221;#5fbfbf&#8221; el_class=&#8221;mapicon&#8221;][\/vc_column_inner][vc_column_inner width=&#8221;3\/4&#8243;][vc_column_text el_class=&#8221;maptext&#8221;]1061 Budapest, Sz\u00e9kely Mih\u00e1ly street 5.[\/vc_column_text][\/vc_column_inner][\/vc_row_inner][vc_row_inner el_class=&#8221;maptext&#8221;][vc_column_inner width=&#8221;1\/4&#8243;][vc_icon icon_fontawesome=&#8221;far fa-envelope&#8221; color=&#8221;custom&#8221; custom_color=&#8221;#5fbfbf&#8221; el_class=&#8221;mapicon&#8221;][\/vc_column_inner][vc_column_inner width=&#8221;3\/4&#8243;][vc_column_text el_class=&#8221;maptext&#8221;]<a class=\"text-shark\" href=\"mailto:info@ditusz.hu\">info@ditusz.hu<\/a>[\/vc_column_text][\/vc_column_inner][\/vc_row_inner][vc_gmaps link=&#8221;#E-8_JTNDaWZyYW1lJTIwc3JjJTNEJTIyaHR0cHMlM0ElMkYlMkZ3d3cuZ29vZ2xlLmNvbSUyRm1hcHMlMkZlbWJlZCUzRnBiJTNEJTIxMW0xOCUyMTFtMTIlMjExbTMlMjExZDI2OTUuNDUwNzI1OTMyMjI2JTIxMmQxOS4wNTY0NjE3MTIzOTYyNyUyMTNkNDcuNTAwNjEyNzk1MTY5NjMlMjEybTMlMjExZjAlMjEyZjAlMjEzZjAlMjEzbTIlMjExaTEwMjQlMjEyaTc2OCUyMTRmMTMuMSUyMTNtMyUyMTFtMiUyMTFzMHg0NzQxZGM2YmQxNzA0ZWI1JTI1M0EweDk3YjExZmNhYzM3Njg2NGElMjEyc0J1ZGFwZXN0JTI1MkMlMjUyMFN6JTI1QzMlMjVBOWtlbHklMjUyME1paCUyNUMzJTI1QTFseSUyNTIwdS4lMjUyMDUlMjUyQyUyNTIwMTA2MSUyMTVlMCUyMTNtMiUyMTFzaHUlMjEyc2h1JTIxNHYxNjkxNDY4OTM2MjU1JTIxNW0yJTIxMXNodSUyMTJzaHUlMjIlMjB3aWR0aCUzRCUyMjYwMCUyMiUyMGhlaWdodCUzRCUyMjQ1MCUyMiUyMHN0eWxlJTNEJTIyYm9yZGVyJTNBMCUzQiUyMiUyMGFsbG93ZnVsbHNjcmVlbiUzRCUyMiUyMiUyMGxvYWRpbmclM0QlMjJsYXp5JTIyJTIwcmVmZXJyZXJwb2xpY3klM0QlMjJuby1yZWZlcnJlci13aGVuLWRvd25ncmFkZSUyMiUzRSUzQyUyRmlmcmFtZSUzRQ==&#8221; css=&#8221;&#8221; el_class=&#8221;map1&#8243;][\/vc_column][vc_column width=&#8221;1\/2&#8243;][vc_row_inner][vc_column_inner][vc_column_text]<\/p>\n<h2 class=\"sub-title mb3\" style=\"text-align: center;\"><strong>Production, service<\/strong><\/h2>\n<p>[\/vc_column_text][\/vc_column_inner][\/vc_row_inner][vc_row_inner][vc_column_inner width=&#8221;1\/4&#8243;][vc_icon icon_fontawesome=&#8221;fas fa-map-marker&#8221; color=&#8221;custom&#8221; custom_color=&#8221;#5fbfbf&#8221; el_class=&#8221;mapicon&#8221;][\/vc_column_inner][vc_column_inner width=&#8221;3\/4&#8243;][vc_column_text el_class=&#8221;maptext&#8221;]9025 Gy\u0151r, Csipkegy\u00e1ri street 6.[\/vc_column_text][\/vc_column_inner][\/vc_row_inner][vc_row_inner][vc_column_inner width=&#8221;1\/4&#8243;][vc_icon icon_fontawesome=&#8221;far fa-envelope&#8221; color=&#8221;custom&#8221; custom_color=&#8221;#5fbfbf&#8221; el_class=&#8221;mapicon&#8221;][\/vc_column_inner][vc_column_inner width=&#8221;3\/4&#8243;][vc_column_text el_class=&#8221;maptext&#8221;]<a class=\"text-shark\" href=\"mailto:info@ditusz.hu\">info@ditusz.hu<\/a>[\/vc_column_text][\/vc_column_inner][\/vc_row_inner][vc_gmaps link=&#8221;#E-8_JTNDaWZyYW1lJTIwc3JjJTNEJTIyaHR0cHMlM0ElMkYlMkZ3d3cuZ29vZ2xlLmNvbSUyRm1hcHMlMkZlbWJlZCUzRnBiJTNEJTIxMW0xOCUyMTFtMTIlMjExbTMlMjExZDI2ODYuNDAyNjA4ODQ0Mjk0MyUyMTJkMTcuNjExNDcyNjEyNDAzNzI3JTIxM2Q0Ny42NzY2MDA1ODMwMjAzNyUyMTJtMyUyMTFmMCUyMTJmMCUyMTNmMCUyMTNtMiUyMTFpMTAyNCUyMTJpNzY4JTIxNGYxMy4xJTIxM20zJTIxMW0yJTIxMXMweDQ3NmJiZmZmZGZmM2ZlY2QlMjUzQTB4ZDFjYzJiOTMwOTNmZGNjNyUyMTJ6UjNuRmtYSXNJRU56YVhCclpXZDV3NkZ5YVNCMWRHTmhJRFlzSURrd01qVSUyMTVlMCUyMTNtMiUyMTFzaHUlMjEyc2h1JTIxNHYxNjkxNDcwNTk0NDc4JTIxNW0yJTIxMXNodSUyMTJzaHUlMjIlMjB3aWR0aCUzRCUyMjYwMCUyMiUyMGhlaWdodCUzRCUyMjQ1MCUyMiUyMHN0eWxlJTNEJTIyYm9yZGVyJTNBMCUzQiUyMiUyMGFsbG93ZnVsbHNjcmVlbiUzRCUyMiUyMiUyMGxvYWRpbmclM0QlMjJsYXp5JTIyJTIwcmVmZXJyZXJwb2xpY3klM0QlMjJuby1yZWZlcnJlci13aGVuLWRvd25ncmFkZSUyMiUzRSUzQyUyRmlmcmFtZSUzRQ==&#8221;][\/vc_column][\/vc_row][vc_row][vc_column][vc_empty_space][\/vc_column][\/vc_row][\/vc_section][vc_row][vc_column width=&#8221;1\/3&#8243; el_class=&#8221;mapperson&#8221;][vc_row_inner][vc_column_inner width=&#8221;1\/4&#8243;][\/vc_column_inner][vc_column_inner width=&#8221;3\/4&#8243;][vc_column_text el_class=&#8221;kapcsolattext&#8221;]trade, technical consultancy<\/p>\n<p class=\"bold fs-28 mb1 x-lg-h3\"><strong>Andrea Drahos<\/strong><\/p>\n<p class=\"bold fs-28 mb1 x-lg-h3\">sales manager<\/p>\n<p>[\/vc_column_text][\/vc_column_inner][\/vc_row_inner][vc_row_inner el_class=&#8221;maptext&#8221;][vc_column_inner el_class=&#8221;mapiconcontainer&#8221; width=&#8221;1\/4&#8243;][vc_icon icon_fontawesome=&#8221;fas fa-phone-alt&#8221; color=&#8221;custom&#8221; size=&#8221;sm&#8221; custom_color=&#8221;#5fbfbf&#8221; el_class=&#8221;mapicon&#8221;][\/vc_column_inner][vc_column_inner width=&#8221;3\/4&#8243;][vc_column_text]<a class=\"text-shark\" href=\"tel:+36 70 948 4659\">+36 70 948 4659<\/a>[\/vc_column_text][\/vc_column_inner][\/vc_row_inner][vc_row_inner el_class=&#8221;maptext&#8221;][vc_column_inner el_class=&#8221;mapiconcontainer&#8221; width=&#8221;1\/4&#8243;][vc_icon icon_fontawesome=&#8221;far fa-envelope&#8221; color=&#8221;custom&#8221; size=&#8221;sm&#8221; custom_color=&#8221;#5fbfbf&#8221; el_class=&#8221;mapicon&#8221;][\/vc_column_inner][vc_column_inner width=&#8221;3\/4&#8243;][vc_column_text]<a class=\"text-shark\" href=\"mailto:andrea.drahos@ditusz.hu\">andrea.drahos@ditusz.hu<\/a>[\/vc_column_text][\/vc_column_inner][\/vc_row_inner][\/vc_column][vc_column width=&#8221;1\/3&#8243; el_class=&#8221;mapperson&#8221;][vc_row_inner][vc_column_inner width=&#8221;1\/4&#8243;][\/vc_column_inner][vc_column_inner width=&#8221;3\/4&#8243;][vc_column_text el_class=&#8221;kapcsolattext&#8221;]trade, technical consultancy<\/p>\n<p class=\"bold fs-28 mb1 x-lg-h3\"><strong>Dr. J\u00e1nos Szinet\u00e1r\u00a0<\/strong><\/p>\n<p class=\"mb2\">manager<\/p>\n<p>[\/vc_column_text][\/vc_column_inner][\/vc_row_inner][vc_row_inner el_class=&#8221;maptext&#8221;][vc_column_inner el_class=&#8221;mapiconcontainer&#8221; width=&#8221;1\/4&#8243;][vc_icon icon_fontawesome=&#8221;fas fa-phone-alt&#8221; color=&#8221;custom&#8221; size=&#8221;sm&#8221; custom_color=&#8221;#5fbfbf&#8221; el_class=&#8221;mapicon&#8221;][\/vc_column_inner][vc_column_inner width=&#8221;3\/4&#8243;][vc_column_text]<a class=\"text-shark\" href=\"tel:+36 70 340 4658\">+36 70 340 4658<\/a>[\/vc_column_text][\/vc_column_inner][\/vc_row_inner][vc_row_inner el_class=&#8221;maptext&#8221;][vc_column_inner el_class=&#8221;mapiconcontainer&#8221; width=&#8221;1\/4&#8243;][vc_icon icon_fontawesome=&#8221;far fa-envelope&#8221; color=&#8221;custom&#8221; size=&#8221;sm&#8221; custom_color=&#8221;#5fbfbf&#8221; el_class=&#8221;mapicon&#8221;][\/vc_column_inner][vc_column_inner width=&#8221;3\/4&#8243;][vc_column_text]<a class=\"text-shark\" href=\"mailto:janos.szinetar@ditusz.hu\">janos.szinetar@ditusz.hu<\/a>[\/vc_column_text][\/vc_column_inner][\/vc_row_inner][\/vc_column][vc_column width=&#8221;1\/3&#8243; el_class=&#8221;mapperson&#8221;][vc_row_inner][vc_column_inner width=&#8221;1\/4&#8243;][\/vc_column_inner][vc_column_inner width=&#8221;3\/4&#8243;][vc_column_text el_class=&#8221;kapcsolattext&#8221;]trade, technical consultancy<\/p>\n<p class=\"bold fs-28 mb1 x-lg-h3\"><strong>L\u00e1szl\u00f3 Lippa<\/strong><\/p>\n<p class=\"mb2\">production manager<\/p>\n<p>[\/vc_column_text][\/vc_column_inner][\/vc_row_inner][vc_row_inner el_class=&#8221;maptext&#8221;][vc_column_inner el_class=&#8221;mapiconcontainer&#8221; width=&#8221;1\/4&#8243;][vc_icon icon_fontawesome=&#8221;fas fa-phone-alt&#8221; color=&#8221;custom&#8221; size=&#8221;sm&#8221; custom_color=&#8221;#5fbfbf&#8221; el_class=&#8221;mapicon&#8221;][\/vc_column_inner][vc_column_inner width=&#8221;3\/4&#8243;][vc_column_text]<a class=\"text-shark\" href=\"tel:+36 70 316 5017\">+36 70 316 5017<\/a>[\/vc_column_text][\/vc_column_inner][\/vc_row_inner][vc_row_inner el_class=&#8221;maptext&#8221;][vc_column_inner el_class=&#8221;mapiconcontainer&#8221; width=&#8221;1\/4&#8243;][vc_icon icon_fontawesome=&#8221;far fa-envelope&#8221; color=&#8221;custom&#8221; size=&#8221;sm&#8221; custom_color=&#8221;#5fbfbf&#8221; el_class=&#8221;mapicon&#8221;][\/vc_column_inner][vc_column_inner width=&#8221;3\/4&#8243;][vc_column_text]<a class=\"text-shark\" href=\"mailto:laszlo.lippa@ditusz.hu\">laszlo.lippa@ditusz.hu<\/a>[\/vc_column_text][\/vc_column_inner][\/vc_row_inner][\/vc_column][\/vc_row][vc_row][vc_column][vc_empty_space][\/vc_column][\/vc_row][vc_row][vc_column width=&#8221;1\/3&#8243; el_class=&#8221;mapperson&#8221;][vc_row_inner][vc_column_inner width=&#8221;1\/4&#8243;][\/vc_column_inner][vc_column_inner width=&#8221;3\/4&#8243;][vc_column_text el_class=&#8221;kapcsolattext&#8221;]service, warranty<\/p>\n<p class=\"bold fs-28 mb1 x-lg-h3\"><strong>Csaba Vincze<\/strong><\/p>\n<p class=\"mb2\">service manager<\/p>\n<p>[\/vc_column_text][\/vc_column_inner][\/vc_row_inner][vc_row_inner el_class=&#8221;maptext&#8221;][vc_column_inner el_class=&#8221;mapiconcontainer&#8221; width=&#8221;1\/4&#8243;][vc_icon icon_fontawesome=&#8221;fas fa-phone-alt&#8221; color=&#8221;custom&#8221; size=&#8221;sm&#8221; custom_color=&#8221;#5fbfbf&#8221; el_class=&#8221;mapicon&#8221;][\/vc_column_inner][vc_column_inner width=&#8221;3\/4&#8243;][vc_column_text]<a class=\"text-shark\" href=\"tel:+36 70 608 3865\">+36 70 608 3865<\/a>[\/vc_column_text][\/vc_column_inner][\/vc_row_inner][vc_row_inner el_class=&#8221;maptext&#8221;][vc_column_inner el_class=&#8221;mapiconcontainer&#8221; width=&#8221;1\/4&#8243;][vc_icon icon_fontawesome=&#8221;far fa-envelope&#8221; color=&#8221;custom&#8221; size=&#8221;sm&#8221; custom_color=&#8221;#5fbfbf&#8221; el_class=&#8221;mapicon&#8221;][\/vc_column_inner][vc_column_inner width=&#8221;3\/4&#8243;][vc_column_text]<a class=\"text-shark\" href=\"mailto:csaba.vincze@ditusz.hu\">csaba.vincze@ditusz.hu<\/a>[\/vc_column_text][\/vc_column_inner][\/vc_row_inner][\/vc_column][vc_column width=&#8221;1\/3&#8243; el_class=&#8221;mapperson&#8221;][vc_row_inner][vc_column_inner width=&#8221;1\/4&#8243;][\/vc_column_inner][vc_column_inner width=&#8221;3\/4&#8243;][vc_column_text el_class=&#8221;kapcsolattext&#8221;]technical consultancy<\/p>\n<p class=\"bold fs-28 mb1 x-lg-h3\"><strong>L\u00e1szl\u00f3 Boros<\/strong><\/p>\n<p class=\"mb2\">development manager<\/p>\n<p>[\/vc_column_text][\/vc_column_inner][\/vc_row_inner][vc_row_inner el_class=&#8221;maptext&#8221;][vc_column_inner el_class=&#8221;mapiconcontainer&#8221; width=&#8221;1\/4&#8243;][vc_icon icon_fontawesome=&#8221;fas fa-phone-alt&#8221; color=&#8221;custom&#8221; size=&#8221;sm&#8221; custom_color=&#8221;#5fbfbf&#8221; el_class=&#8221;mapicon&#8221;][\/vc_column_inner][vc_column_inner width=&#8221;3\/4&#8243;][vc_column_text]<a class=\"text-shark\" href=\"tel:+36 70 426 9256\">+36 70 426 9256<\/a>[\/vc_column_text][\/vc_column_inner][\/vc_row_inner][vc_row_inner el_class=&#8221;maptext&#8221;][vc_column_inner el_class=&#8221;mapiconcontainer&#8221; width=&#8221;1\/4&#8243;][vc_icon icon_fontawesome=&#8221;far fa-envelope&#8221; color=&#8221;custom&#8221; size=&#8221;sm&#8221; custom_color=&#8221;#5fbfbf&#8221; el_class=&#8221;mapicon&#8221;][\/vc_column_inner][vc_column_inner width=&#8221;3\/4&#8243;][vc_column_text]<a class=\"text-shark\" href=\"mailto:laszlo.boros@ditusz.hu\">laszlo.boros@ditusz.hu<\/a>[\/vc_column_text][\/vc_column_inner][\/vc_row_inner][\/vc_column][vc_column width=&#8221;1\/3&#8243; el_class=&#8221;mapperson&#8221;][vc_row_inner][vc_column_inner width=&#8221;1\/4&#8243;][\/vc_column_inner][vc_column_inner width=&#8221;3\/4&#8243;][vc_column_text el_class=&#8221;kapcsolattext&#8221;]finance<\/p>\n<p class=\"bold fs-28 mb1 x-lg-h3\"><strong>L\u00e1szl\u00f3 Kert\u00e9sz <\/strong><\/p>\n<p class=\"mb2\">financial manager<\/p>\n<p>[\/vc_column_text][\/vc_column_inner][\/vc_row_inner][vc_row_inner el_class=&#8221;maptext&#8221;][vc_column_inner el_class=&#8221;mapiconcontainer&#8221; width=&#8221;1\/4&#8243;][vc_icon icon_fontawesome=&#8221;fas fa-phone-alt&#8221; color=&#8221;custom&#8221; size=&#8221;sm&#8221; custom_color=&#8221;#5fbfbf&#8221; el_class=&#8221;mapicon&#8221;][\/vc_column_inner][vc_column_inner width=&#8221;3\/4&#8243;][vc_column_text]<a class=\"text-shark\" href=\"tel:+36 70 361 5629\">+36 70 361 5629<\/a>[\/vc_column_text][\/vc_column_inner][\/vc_row_inner][vc_row_inner el_class=&#8221;maptext&#8221;][vc_column_inner el_class=&#8221;mapiconcontainer&#8221; width=&#8221;1\/4&#8243;][vc_icon icon_fontawesome=&#8221;far fa-envelope&#8221; color=&#8221;custom&#8221; size=&#8221;sm&#8221; custom_color=&#8221;#5fbfbf&#8221; el_class=&#8221;mapicon&#8221;][\/vc_column_inner][vc_column_inner width=&#8221;3\/4&#8243;][vc_column_text]<a class=\"text-shark\" href=\"mailto:laszlo.kertesz@ditusz.hu\">laszlo.kertesz@ditusz.hu<\/a>[\/vc_column_text][\/vc_column_inner][\/vc_row_inner][\/vc_column][\/vc_row][vc_row][vc_column][vc_row_inner][vc_column_inner][vc_empty_space][\/vc_column_inner][\/vc_row_inner][\/vc_column][\/vc_row]<\/p>\n<\/div>","protected":false},"excerpt":{"rendered":"<p>[vc_section][vc_row][vc_column][vc_empty_space][\/vc_column][\/vc_row][vc_row][vc_column width=&#8221;1\/2&#8243;][vc_row_inner][vc_column_inner][vc_column_text] Headquarter [\/vc_column_text][\/vc_column_inner][\/vc_row_inner][vc_row_inner][vc_column_inner width=&#8221;1\/4&#8243;][vc_icon icon_fontawesome=&#8221;fas fa-map-marker&#8221; color=&#8221;custom&#8221; custom_color=&#8221;#5fbfbf&#8221; el_class=&#8221;mapicon&#8221;][\/vc_column_inner][vc_column_inner width=&#8221;3\/4&#8243;][vc_column_text el_class=&#8221;maptext&#8221;]1061 Budapest, Sz\u00e9kely Mih\u00e1ly street 5.[\/vc_column_text][\/vc_column_inner][\/vc_row_inner][vc_row_inner el_class=&#8221;maptext&#8221;][vc_column_inner width=&#8221;1\/4&#8243;][vc_icon icon_fontawesome=&#8221;far fa-envelope&#8221; color=&#8221;custom&#8221; custom_color=&#8221;#5fbfbf&#8221; el_class=&#8221;mapicon&#8221;][\/vc_column_inner][vc_column_inner width=&#8221;3\/4&#8243;][vc_column_text el_class=&#8221;maptext&#8221;]info@ditusz.hu[\/vc_column_text][\/vc_column_inner][\/vc_row_inner][vc_gmaps link=&#8221;#E-8_JTNDaWZyYW1lJTIwc3JjJTNEJTIyaHR0cHMlM0ElMkYlMkZ3d3cuZ29vZ2xlLmNvbSUyRm1hcHMlMkZlbWJlZCUzRnBiJTNEJTIxMW0xOCUyMTFtMTIlMjExbTMlMjExZDI2OTUuNDUwNzI1OTMyMjI2JTIxMmQxOS4wNTY0NjE3MTIzOTYyNyUyMTNkNDcuNTAwNjEyNzk1MTY5NjMlMjEybTMlMjExZjAlMjEyZjAlMjEzZjAlMjEzbTIlMjExaTEwMjQlMjEyaTc2OCUyMTRmMTMuMSUyMTNtMyUyMTFtMiUyMTFzMHg0NzQxZGM2YmQxNzA0ZWI1JTI1M0EweDk3YjExZmNhYzM3Njg2NGElMjEyc0J1ZGFwZXN0JTI1MkMlMjUyMFN6JTI1QzMlMjVBOWtlbHklMjUyME1paCUyNUMzJTI1QTFseSUyNTIwdS4lMjUyMDUlMjUyQyUyNTIwMTA2MSUyMTVlMCUyMTNtMiUyMTFzaHUlMjEyc2h1JTIxNHYxNjkxNDY4OTM2MjU1JTIxNW0yJTIxMXNodSUyMTJzaHUlMjIlMjB3aWR0aCUzRCUyMjYwMCUyMiUyMGhlaWdodCUzRCUyMjQ1MCUyMiUyMHN0eWxlJTNEJTIyYm9yZGVyJTNBMCUzQiUyMiUyMGFsbG93ZnVsbHNjcmVlbiUzRCUyMiUyMiUyMGxvYWRpbmclM0QlMjJsYXp5JTIyJTIwcmVmZXJyZXJwb2xpY3klM0QlMjJuby1yZWZlcnJlci13aGVuLWRvd25ncmFkZSUyMiUzRSUzQyUyRmlmcmFtZSUzRQ==&#8221; css=&#8221;&#8221; el_class=&#8221;map1&#8243;][\/vc_column][vc_column width=&#8221;1\/2&#8243;][vc_row_inner][vc_column_inner][vc_column_text] Production, service [\/vc_column_text][\/vc_column_inner][\/vc_row_inner][vc_row_inner][vc_column_inner width=&#8221;1\/4&#8243;][vc_icon icon_fontawesome=&#8221;fas fa-map-marker&#8221; color=&#8221;custom&#8221; custom_color=&#8221;#5fbfbf&#8221; el_class=&#8221;mapicon&#8221;][\/vc_column_inner][vc_column_inner width=&#8221;3\/4&#8243;][vc_column_text el_class=&#8221;maptext&#8221;]9025 Gy\u0151r, Csipkegy\u00e1ri street 6.[\/vc_column_text][\/vc_column_inner][\/vc_row_inner][vc_row_inner][vc_column_inner width=&#8221;1\/4&#8243;][vc_icon icon_fontawesome=&#8221;far fa-envelope&#8221; color=&#8221;custom&#8221; custom_color=&#8221;#5fbfbf&#8221; el_class=&#8221;mapicon&#8221;][\/vc_column_inner][vc_column_inner width=&#8221;3\/4&#8243;][vc_column_text el_class=&#8221;maptext&#8221;]info@ditusz.hu[\/vc_column_text][\/vc_column_inner][\/vc_row_inner][vc_gmaps link=&#8221;#E-8_JTNDaWZyYW1lJTIwc3JjJTNEJTIyaHR0cHMlM0ElMkYlMkZ3d3cuZ29vZ2xlLmNvbSUyRm1hcHMlMkZlbWJlZCUzRnBiJTNEJTIxMW0xOCUyMTFtMTIlMjExbTMlMjExZDI2ODYuNDAyNjA4ODQ0Mjk0MyUyMTJkMTcuNjExNDcyNjEyNDAzNzI3JTIxM2Q0Ny42NzY2MDA1ODMwMjAzNyUyMTJtMyUyMTFmMCUyMTJmMCUyMTNmMCUyMTNtMiUyMTFpMTAyNCUyMTJpNzY4JTIxNGYxMy4xJTIxM20zJTIxMW0yJTIxMXMweDQ3NmJiZmZmZGZmM2ZlY2QlMjUzQTB4ZDFjYzJiOTMwOTNmZGNjNyUyMTJ6UjNuRmtYSXNJRU56YVhCclpXZDV3NkZ5YVNCMWRHTmhJRFlzSURrd01qVSUyMTVlMCUyMTNtMiUyMTFzaHUlMjEyc2h1JTIxNHYxNjkxNDcwNTk0NDc4JTIxNW0yJTIxMXNodSUyMTJzaHUlMjIlMjB3aWR0aCUzRCUyMjYwMCUyMiUyMGhlaWdodCUzRCUyMjQ1MCUyMiUyMHN0eWxlJTNEJTIyYm9yZGVyJTNBMCUzQiUyMiUyMGFsbG93ZnVsbHNjcmVlbiUzRCUyMiUyMiUyMGxvYWRpbmclM0QlMjJsYXp5JTIyJTIwcmVmZXJyZXJwb2xpY3klM0QlMjJuby1yZWZlcnJlci13aGVuLWRvd25ncmFkZSUyMiUzRSUzQyUyRmlmcmFtZSUzRQ==&#8221;][\/vc_column][\/vc_row][vc_row][vc_column][vc_empty_space][\/vc_column][\/vc_row][\/vc_section][vc_row][vc_column width=&#8221;1\/3&#8243; [&hellip;]<\/p>\n","protected":false},"author":1,"featured_media":0,"parent":0,"menu_order":0,"comment_status":"closed","ping_status":"closed","template":"","meta":{"_monsterinsights_skip_tracking":false,"_monsterinsights_sitenote_active":false,"_monsterinsights_sitenote_note":"","_monsterinsights_sitenote_category":0,"footnotes":""},"class_list":["post-1999","page","type-page","status-publish","hentry"],"aioseo_notices":[],"_links":{"self":[{"href":"https:\/\/www.ditusz.hu\/en\/wp-json\/wp\/v2\/pages\/1999","targetHints":{"allow":["GET"]}}],"collection":[{"href":"https:\/\/www.ditusz.hu\/en\/wp-json\/wp\/v2\/pages"}],"about":[{"href":"https:\/\/www.ditusz.hu\/en\/wp-json\/wp\/v2\/types\/page"}],"author":[{"embeddable":true,"href":"https:\/\/www.ditusz.hu\/en\/wp-json\/wp\/v2\/users\/1"}],"replies":[{"embeddable":true,"href":"https:\/\/www.ditusz.hu\/en\/wp-json\/wp\/v2\/comments?post=1999"}],"version-history":[{"count":16,"href":"https:\/\/www.ditusz.hu\/en\/wp-json\/wp\/v2\/pages\/1999\/revisions"}],"predecessor-version":[{"id":2420,"href":"https:\/\/www.ditusz.hu\/en\/wp-json\/wp\/v2\/pages\/1999\/revisions\/2420"}],"wp:attachment":[{"href":"https:\/\/www.ditusz.hu\/en\/wp-json\/wp\/v2\/media?parent=1999"}],"curies":[{"name":"wp","href":"https:\/\/api.w.org\/{rel}","templated":true}]}}